{"id":7,"date":"2015-09-29T16:41:48","date_gmt":"2015-09-29T16:41:48","guid":{"rendered":"http:\/\/salmeronfincas.com\/wp\/?page_id=7"},"modified":"2021-03-15T19:10:33","modified_gmt":"2021-03-15T18:10:33","slug":"httpwww-administradoresfincasasturias-esid78clavesadministradores-fincas-asturias-gestion-administracion-viviendas-comunidades-pisos-casas","status":"publish","type":"page","link":"https:\/\/salmeronfincas.com\/index.php\/httpwww-administradoresfincasasturias-esid78clavesadministradores-fincas-asturias-gestion-administracion-viviendas-comunidades-pisos-casas\/","title":{"rendered":"\u00bfQui\u00e9nes somos?"},"content":{"rendered":"\n<div class=\"wp-block-image\"><figure class=\"alignleft size-large is-resized\"><a href=\"http:\/\/salmeronfincas.com\/wp-content\/uploads\/2015\/11\/imagen_logo_011.jpg\"><img loading=\"lazy\" src=\"http:\/\/salmeronfincas.com\/wp-content\/uploads\/2015\/11\/imagen_logo_011.jpg\" alt=\"\" class=\"wp-image-91\" width=\"368\" height=\"113\" srcset=\"https:\/\/salmeronfincas.com\/wp-content\/uploads\/2015\/11\/imagen_logo_011.jpg 800w, https:\/\/salmeronfincas.com\/wp-content\/uploads\/2015\/11\/imagen_logo_011-300x92.jpg 300w\" sizes=\"(max-width: 368px) 100vw, 368px\" \/><\/a><\/figure><\/div>\n\n\n<p style=\"text-align: justify;\"><strong>ADMINISTRADOR DE FINCAS COLEGIADO<\/strong> con experiencia de varios a\u00f1os que <strong>gestiona<\/strong> las comunidades con total <strong>seriedad, dedicaci\u00f3n y TRANSPARENCIA. NI SOMOS MEDIADORES NI COBRAMOS COMISIONES<\/strong>.<\/p>\n<p style=\"text-align: justify;\">Todos los meses tendr\u00e1 en la p\u00e1gina web la evoluci\u00f3n del presupuesto aprobado en la JUNTA ORDINARIA y los GASTOS DEL MES. Todos los vecinos tendr\u00e1n acceso con su clave personal <strong>Y TODOS LOS VECINOS PODR\u00c1N SOLICITAR LAS ACLARACIONES QUE ESTIMEN OPORTUNAS, <\/strong>la comunidad ya no depende de que el Presidente de ese a\u00f1o, viva o no en la comunidad o est\u00e9 pendiente o no del Administrador.<\/p>\n<p style=\"text-align: justify;\">As\u00ed mismo tendr\u00e1n informaci\u00f3n econ\u00f3mica de su comunidad y podr\u00e1n seguir la <strong>evoluci\u00f3n de las aver\u00edas y\/o siniestros<\/strong> que se produzcan al instante.<\/p>\n<p style=\"text-align: justify;\">No nos dedicamos a ejercer de contables de la Comunidad. <strong> GESTIONAMOS SU COMUNIDAD. <\/strong>Se supervisar\u00e1n los contratos de mantenimiento y su cumplimiento, se buscar\u00e1 <strong>LA MEJOR RELACI\u00d3N CALIDAD PRECIO<\/strong>.<\/p>\n<p style=\"text-align: justify;\">Se establecer\u00e1 un calendario de <strong>MANTENIMIENTO PREVENTIVO.<\/strong> De esta forma se evitar\u00e1n aver\u00edas innecesarias y sobre todo <strong>SE EVITAR\u00c1N DERRAMAS EXTRAORDINARAS<\/strong>.<\/p>\n<p style=\"text-align: justify;\"><strong>TODAS LAS OBRAS APROBADAS EN JUNTA DE PROPIETARIOS,<\/strong> con presentaci\u00f3n de un m\u00ednimo de tres PRESUPUESTOS, ser\u00e1n supervisadas por APAREJADOR PROPIO, que buscar\u00e1 la soluci\u00f3n t\u00e9cnica m\u00e1s adecuada, no dependiendo de lo que digan los Proveedores. <strong>SER\u00c1 LA COMUNIDAD QUIEN LES DIGA LO QUE TEINEN QUE HACER<\/strong>.<\/p>\n<p style=\"text-align: justify;\"><strong>SE GESTIONAR\u00c1N LAS AYUDAS O SUBVENCIONES SI EXISTIESEN<\/strong>.<\/p>\n<p style=\"text-align: justify;\"><strong>NO COBRAMOS POR REUNIONES EXTRAORDINARIAS NI POR NING\u00daN OTRO SERVICIO RELACIONADO CON LA ADMINISTRACI\u00d3N DE SU COMUNIDAD. Obviamente s\u00ed se cobrar\u00e1n tasas o gastos necesarios.<\/strong><\/p>\n\n\n<p><\/p>\n","protected":false},"excerpt":{"rendered":"<p>ADMINISTRADOR DE FINCAS COLEGIADO con experiencia de varios a\u00f1os que gestiona las comunidades con total seriedad, dedicaci\u00f3n y TRANSPARENCIA. NI SOMOS MEDIADORES NI COBRAMOS COMISIONES. Todos los meses tendr\u00e1 en<\/p>\n<p class=\"more-link\"><a href=\"https:\/\/salmeronfincas.com\/index.php\/httpwww-administradoresfincasasturias-esid78clavesadministradores-fincas-asturias-gestion-administracion-viviendas-comunidades-pisos-casas\/\" class=\"readmore\">Seguir leyendo<svg class=\"icon icon-arrow-right\" aria-hidden=\"true\" role=\"img\"> <use href=\"#icon-arrow-right\" xlink:href=\"#icon-arrow-right\"><\/use> <\/svg><span class=\"screen-reader-text\">\u00bfQui\u00e9nes somos?<\/span><\/a><\/p>\n","protected":false},"author":2,"featured_media":0,"parent":0,"menu_order":0,"comment_status":"closed","ping_status":"closed","template":"","meta":[],"_links":{"self":[{"href":"https:\/\/salmeronfincas.com\/index.php\/wp-json\/wp\/v2\/pages\/7"}],"collection":[{"href":"https:\/\/salmeronfincas.com\/index.php\/wp-json\/wp\/v2\/pages"}],"about":[{"href":"https:\/\/salmeronfincas.com\/index.php\/wp-json\/wp\/v2\/types\/page"}],"author":[{"embeddable":true,"href":"https:\/\/salmeronfincas.com\/index.php\/wp-json\/wp\/v2\/users\/2"}],"replies":[{"embeddable":true,"href":"https:\/\/salmeronfincas.com\/index.php\/wp-json\/wp\/v2\/comments?post=7"}],"version-history":[{"count":13,"href":"https:\/\/salmeronfincas.com\/index.php\/wp-json\/wp\/v2\/pages\/7\/revisions"}],"predecessor-version":[{"id":167,"href":"https:\/\/salmeronfincas.com\/index.php\/wp-json\/wp\/v2\/pages\/7\/revisions\/167"}],"wp:attachment":[{"href":"https:\/\/salmeronfincas.com\/index.php\/wp-json\/wp\/v2\/media?parent=7"}],"curies":[{"name":"wp","href":"https:\/\/api.w.org\/{rel}","templated":true}]}}